{"id":11356,"date":"2023-04-12T08:33:01","date_gmt":"2023-04-12T06:33:01","guid":{"rendered":"https:\/\/sejem.eps-backup.com\/fairs\/international-industry-fair\/for-visitors\/vodje-projekta\/"},"modified":"2025-12-11T09:08:16","modified_gmt":"2025-12-11T08:08:16","slug":"project-managers","status":"publish","type":"page","link":"https:\/\/ce-sejem.si\/en\/fairs\/international-industry-fair\/for-visitors\/project-managers\/","title":{"rendered":"Project Managers"},"content":{"rendered":"\t\t<div data-elementor-type=\"wp-page\" data-elementor-id=\"11356\" class=\"elementor elementor-11356 elementor-8447\" data-elementor-settings=\"{&quot;element_pack_global_tooltip_width&quot;:{&quot;unit&quot;:&quot;px&quot;,&quot;size&quot;:&quot;&quot;,&quot;sizes&quot;:[]},&quot;element_pack_global_tooltip_width_laptop&quot;:{&quot;unit&quot;:&quot;px&quot;,&quot;size&quot;:&quot;&quot;,&quot;sizes&quot;:[]},&quot;element_pack_global_tooltip_width_tablet&quot;:{&quot;unit&quot;:&quot;px&quot;,&quot;size&quot;:&quot;&quot;,&quot;sizes&quot;:[]},&quot;element_pack_global_tooltip_width_mobile&quot;:{&quot;unit&quot;:&quot;px&quot;,&quot;size&quot;:&quot;&quot;,&quot;sizes&quot;:[]},&quot;element_pack_global_tooltip_padding&quot;:{&quot;unit&quot;:&quot;px&quot;,&quot;top&quot;:&quot;&quot;,&quot;right&quot;:&quot;&quot;,&quot;bottom&quot;:&quot;&quot;,&quot;left&quot;:&quot;&quot;,&quot;isLinked&quot;:true},&quot;element_pack_global_tooltip_padding_laptop&quot;:{&quot;unit&quot;:&quot;px&quot;,&quot;top&quot;:&quot;&quot;,&quot;right&quot;:&quot;&quot;,&quot;bottom&quot;:&quot;&quot;,&quot;left&quot;:&quot;&quot;,&quot;isLinked&quot;:true},&quot;element_pack_global_tooltip_padding_tablet&quot;:{&quot;unit&quot;:&quot;px&quot;,&quot;top&quot;:&quot;&quot;,&quot;right&quot;:&quot;&quot;,&quot;bottom&quot;:&quot;&quot;,&quot;left&quot;:&quot;&quot;,&quot;isLinked&quot;:true},&quot;element_pack_global_tooltip_padding_mobile&quot;:{&quot;unit&quot;:&quot;px&quot;,&quot;top&quot;:&quot;&quot;,&quot;right&quot;:&quot;&quot;,&quot;bottom&quot;:&quot;&quot;,&quot;left&quot;:&quot;&quot;,&quot;isLinked&quot;:true},&quot;element_pack_global_tooltip_border_radius&quot;:{&quot;unit&quot;:&quot;px&quot;,&quot;top&quot;:&quot;&quot;,&quot;right&quot;:&quot;&quot;,&quot;bottom&quot;:&quot;&quot;,&quot;left&quot;:&quot;&quot;,&quot;isLinked&quot;:true},&quot;element_pack_global_tooltip_border_radius_laptop&quot;:{&quot;unit&quot;:&quot;px&quot;,&quot;top&quot;:&quot;&quot;,&quot;right&quot;:&quot;&quot;,&quot;bottom&quot;:&quot;&quot;,&quot;left&quot;:&quot;&quot;,&quot;isLinked&quot;:true},&quot;element_pack_global_tooltip_border_radius_tablet&quot;:{&quot;unit&quot;:&quot;px&quot;,&quot;top&quot;:&quot;&quot;,&quot;right&quot;:&quot;&quot;,&quot;bottom&quot;:&quot;&quot;,&quot;left&quot;:&quot;&quot;,&quot;isLinked&quot;:true},&quot;element_pack_global_tooltip_border_radius_mobile&quot;:{&quot;unit&quot;:&quot;px&quot;,&quot;top&quot;:&quot;&quot;,&quot;right&quot;:&quot;&quot;,&quot;bottom&quot;:&quot;&quot;,&quot;left&quot;:&quot;&quot;,&quot;isLinked&quot;:true}}\" data-elementor-post-type=\"page\">\n\t\t\t\t\t\t<section class=\"elementor-section elementor-top-section elementor-element elementor-element-f022262 elementor-section-boxed elementor-section-height-default elementor-section-height-default\" data-id=\"f022262\" data-element_type=\"section\" data-settings=\"{&quot;background_background&quot;:&quot;classic&quot;,&quot;jet_parallax_layout_list&quot;:[]}\">\n\t\t\t\t\t\t<div class=\"elementor-container elementor-column-gap-default\">\n\t\t\t\t\t<div class=\"elementor-column elementor-col-100 elementor-top-column elementor-element elementor-element-6393971\" data-id=\"6393971\" data-element_type=\"column\">\n\t\t\t<div class=\"elementor-widget-wrap elementor-element-populated\">\n\t\t\t\t\t\t<div class=\"elementor-element elementor-element-d64aea8 elementor-widget elementor-widget-bdt-breadcrumbs\" data-id=\"d64aea8\" data-element_type=\"widget\" data-widget_type=\"bdt-breadcrumbs.default\">\n\t\t\t\t<div class=\"elementor-widget-container\">\n\t\t\t\t\t<div class='bdt-ep-breadcrumbs-wrapper'><ul class=\"bdt-ep-breadcrumb breadcrumb-align-left  \"><li><a href=\"https:\/\/ce-sejem.si\/en\/\">Celjski sejem d.d.<\/a><\/li>\n<li><span> Page<\/span><\/li>\n<\/ul><\/div>\t\t\t\t<\/div>\n\t\t\t\t<\/div>\n\t\t\t\t<div class=\"elementor-element elementor-element-31ed8f0 elementor-widget elementor-widget-heading\" data-id=\"31ed8f0\" data-element_type=\"widget\" data-widget_type=\"heading.default\">\n\t\t\t\t<div class=\"elementor-widget-container\">\n\t\t\t\t\t<h3 class=\"elementor-heading-title elementor-size-default\">Project Managers<\/h3>\t\t\t\t<\/div>\n\t\t\t\t<\/div>\n\t\t\t\t\t<\/div>\n\t\t<\/div>\n\t\t\t\t\t<\/div>\n\t\t<\/section>\n\t\t\t\t<section class=\"elementor-section elementor-top-section elementor-element elementor-element-bfc8d32 elementor-section-height-min-height elementor-section-items-top elementor-section-boxed elementor-section-height-default\" data-id=\"bfc8d32\" data-element_type=\"section\" data-settings=\"{&quot;background_background&quot;:&quot;classic&quot;,&quot;jet_parallax_layout_list&quot;:[]}\">\n\t\t\t\t\t\t<div class=\"elementor-container elementor-column-gap-default\">\n\t\t\t\t\t<div class=\"elementor-column elementor-col-33 elementor-top-column elementor-element elementor-element-9296c32\" data-id=\"9296c32\" data-element_type=\"column\">\n\t\t\t<div class=\"elementor-widget-wrap elementor-element-populated\">\n\t\t\t\t\t\t<div class=\"elementor-element elementor-element-bb1ca72 elementor-widget elementor-widget-image\" data-id=\"bb1ca72\" data-element_type=\"widget\" data-widget_type=\"image.default\">\n\t\t\t\t<div class=\"elementor-widget-container\">\n\t\t\t\t\t\t\t\t\t\t\t\t\t\t\t<img fetchpriority=\"high\" decoding=\"async\" width=\"1080\" height=\"1080\" src=\"https:\/\/ce-sejem.si\/wp-content\/uploads\/2024\/09\/Spela1-2.png\" class=\"attachment-full size-full wp-image-30787\" alt=\"\" srcset=\"https:\/\/ce-sejem.si\/wp-content\/uploads\/2024\/09\/Spela1-2.png 1080w, https:\/\/ce-sejem.si\/wp-content\/uploads\/2024\/09\/Spela1-2-300x300.png 300w, https:\/\/ce-sejem.si\/wp-content\/uploads\/2024\/09\/Spela1-2-1024x1024.png 1024w, https:\/\/ce-sejem.si\/wp-content\/uploads\/2024\/09\/Spela1-2-150x150.png 150w, https:\/\/ce-sejem.si\/wp-content\/uploads\/2024\/09\/Spela1-2-768x768.png 768w, https:\/\/ce-sejem.si\/wp-content\/uploads\/2024\/09\/Spela1-2-500x500.png 500w, https:\/\/ce-sejem.si\/wp-content\/uploads\/2024\/09\/Spela1-2-700x700.png 700w\" sizes=\"(max-width: 1080px) 100vw, 1080px\" \/>\t\t\t\t\t\t\t\t\t\t\t\t\t\t\t<\/div>\n\t\t\t\t<\/div>\n\t\t\t\t<div class=\"elementor-element elementor-element-5ea7e0e elementor-widget-divider--view-line elementor-widget elementor-widget-divider\" data-id=\"5ea7e0e\" data-element_type=\"widget\" data-widget_type=\"divider.default\">\n\t\t\t\t<div class=\"elementor-widget-container\">\n\t\t\t\t\t\t\t<div class=\"elementor-divider\">\n\t\t\t<span class=\"elementor-divider-separator\">\n\t\t\t\t\t\t<\/span>\n\t\t<\/div>\n\t\t\t\t\t\t<\/div>\n\t\t\t\t<\/div>\n\t\t\t\t<div class=\"elementor-element elementor-element-a4e0fa8 elementor-widget elementor-widget-heading\" data-id=\"a4e0fa8\" data-element_type=\"widget\" data-widget_type=\"heading.default\">\n\t\t\t\t<div class=\"elementor-widget-container\">\n\t\t\t\t\t<p class=\"elementor-heading-title elementor-size-default\">\u0160PELA PERAS PODPE\u010cAN<\/p>\t\t\t\t<\/div>\n\t\t\t\t<\/div>\n\t\t\t\t<div class=\"elementor-element elementor-element-ecf3be2 elementor-widget elementor-widget-heading\" data-id=\"ecf3be2\" data-element_type=\"widget\" data-widget_type=\"heading.default\">\n\t\t\t\t<div class=\"elementor-widget-container\">\n\t\t\t\t\t<p class=\"elementor-heading-title elementor-size-default\">T: <a href=\"tel:0038631667719\">+386 31 667 719<\/a><br>\nE: <a href=\"mailto:spela.peras.podpecan@ce-sejem.si\">spela.peras.podpecan@ce-sejem.si<\/a><\/p>\t\t\t\t<\/div>\n\t\t\t\t<\/div>\n\t\t\t\t\t<\/div>\n\t\t<\/div>\n\t\t\t\t<div class=\"elementor-column elementor-col-33 elementor-top-column elementor-element elementor-element-2e9726c\" data-id=\"2e9726c\" data-element_type=\"column\">\n\t\t\t<div class=\"elementor-widget-wrap elementor-element-populated\">\n\t\t\t\t\t\t<div class=\"elementor-element elementor-element-d103ee6 elementor-widget elementor-widget-image\" data-id=\"d103ee6\" data-element_type=\"widget\" data-widget_type=\"image.default\">\n\t\t\t\t<div class=\"elementor-widget-container\">\n\t\t\t\t\t\t\t\t\t\t\t\t\t\t\t<img decoding=\"async\" width=\"1080\" height=\"1080\" src=\"https:\/\/ce-sejem.si\/wp-content\/uploads\/2025\/11\/Brigita-kvadrat.png\" class=\"attachment-full size-full wp-image-35866\" alt=\"\" srcset=\"https:\/\/ce-sejem.si\/wp-content\/uploads\/2025\/11\/Brigita-kvadrat.png 1080w, https:\/\/ce-sejem.si\/wp-content\/uploads\/2025\/11\/Brigita-kvadrat-300x300.png 300w, https:\/\/ce-sejem.si\/wp-content\/uploads\/2025\/11\/Brigita-kvadrat-1024x1024.png 1024w, https:\/\/ce-sejem.si\/wp-content\/uploads\/2025\/11\/Brigita-kvadrat-150x150.png 150w, https:\/\/ce-sejem.si\/wp-content\/uploads\/2025\/11\/Brigita-kvadrat-768x768.png 768w, https:\/\/ce-sejem.si\/wp-content\/uploads\/2025\/11\/Brigita-kvadrat-500x500.png 500w\" sizes=\"(max-width: 1080px) 100vw, 1080px\" \/>\t\t\t\t\t\t\t\t\t\t\t\t\t\t\t<\/div>\n\t\t\t\t<\/div>\n\t\t\t\t<div class=\"elementor-element elementor-element-1402378 elementor-widget-divider--view-line elementor-widget elementor-widget-divider\" data-id=\"1402378\" data-element_type=\"widget\" data-widget_type=\"divider.default\">\n\t\t\t\t<div class=\"elementor-widget-container\">\n\t\t\t\t\t\t\t<div class=\"elementor-divider\">\n\t\t\t<span class=\"elementor-divider-separator\">\n\t\t\t\t\t\t<\/span>\n\t\t<\/div>\n\t\t\t\t\t\t<\/div>\n\t\t\t\t<\/div>\n\t\t\t\t<div class=\"elementor-element elementor-element-d306098 elementor-widget elementor-widget-heading\" data-id=\"d306098\" data-element_type=\"widget\" data-widget_type=\"heading.default\">\n\t\t\t\t<div class=\"elementor-widget-container\">\n\t\t\t\t\t<p class=\"elementor-heading-title elementor-size-default\"><span style=\"letter-spacing: 1.4px\">BRIGITA BAKARI\u0106<\/span><\/p>\t\t\t\t<\/div>\n\t\t\t\t<\/div>\n\t\t\t\t<div class=\"elementor-element elementor-element-492b3c3 elementor-widget elementor-widget-heading\" data-id=\"492b3c3\" data-element_type=\"widget\" data-widget_type=\"heading.default\">\n\t\t\t\t<div class=\"elementor-widget-container\">\n\t\t\t\t\t<p class=\"elementor-heading-title elementor-size-default\">T: <a href=\"tel:0038641649499\">+386 41 649 499<\/a><br>\nE: <a href=\"mailto:brigita.bakaric@ce-sejem.si\">brigita.bakaric@ce-sejem.si<\/a><\/p>\t\t\t\t<\/div>\n\t\t\t\t<\/div>\n\t\t\t\t\t<\/div>\n\t\t<\/div>\n\t\t\t\t<div class=\"elementor-column elementor-col-33 elementor-top-column elementor-element elementor-element-3ecacde\" data-id=\"3ecacde\" data-element_type=\"column\">\n\t\t\t<div class=\"elementor-widget-wrap elementor-element-populated\">\n\t\t\t\t\t\t<div class=\"elementor-element elementor-element-a8e61d2 elementor-widget elementor-widget-image\" data-id=\"a8e61d2\" data-element_type=\"widget\" data-widget_type=\"image.default\">\n\t\t\t\t<div class=\"elementor-widget-container\">\n\t\t\t\t\t\t\t\t\t\t\t\t\t\t\t<img decoding=\"async\" width=\"1080\" height=\"1080\" src=\"https:\/\/ce-sejem.si\/wp-content\/uploads\/2025\/11\/Anabela-kvadrat.png\" class=\"attachment-full size-full wp-image-35868\" alt=\"\" srcset=\"https:\/\/ce-sejem.si\/wp-content\/uploads\/2025\/11\/Anabela-kvadrat.png 1080w, https:\/\/ce-sejem.si\/wp-content\/uploads\/2025\/11\/Anabela-kvadrat-300x300.png 300w, https:\/\/ce-sejem.si\/wp-content\/uploads\/2025\/11\/Anabela-kvadrat-1024x1024.png 1024w, https:\/\/ce-sejem.si\/wp-content\/uploads\/2025\/11\/Anabela-kvadrat-150x150.png 150w, https:\/\/ce-sejem.si\/wp-content\/uploads\/2025\/11\/Anabela-kvadrat-768x768.png 768w, https:\/\/ce-sejem.si\/wp-content\/uploads\/2025\/11\/Anabela-kvadrat-500x500.png 500w\" sizes=\"(max-width: 1080px) 100vw, 1080px\" \/>\t\t\t\t\t\t\t\t\t\t\t\t\t\t\t<\/div>\n\t\t\t\t<\/div>\n\t\t\t\t<div class=\"elementor-element elementor-element-8cf2eac elementor-widget-divider--view-line elementor-widget elementor-widget-divider\" data-id=\"8cf2eac\" data-element_type=\"widget\" data-widget_type=\"divider.default\">\n\t\t\t\t<div class=\"elementor-widget-container\">\n\t\t\t\t\t\t\t<div class=\"elementor-divider\">\n\t\t\t<span class=\"elementor-divider-separator\">\n\t\t\t\t\t\t<\/span>\n\t\t<\/div>\n\t\t\t\t\t\t<\/div>\n\t\t\t\t<\/div>\n\t\t\t\t<div class=\"elementor-element elementor-element-880f17a elementor-widget elementor-widget-heading\" data-id=\"880f17a\" data-element_type=\"widget\" data-widget_type=\"heading.default\">\n\t\t\t\t<div class=\"elementor-widget-container\">\n\t\t\t\t\t<p class=\"elementor-heading-title elementor-size-default\"><span style=\"letter-spacing: 1.4px\">ANABELA \u0160ERUGA<\/span><\/p>\t\t\t\t<\/div>\n\t\t\t\t<\/div>\n\t\t\t\t<div class=\"elementor-element elementor-element-b111c68 elementor-widget elementor-widget-heading\" data-id=\"b111c68\" data-element_type=\"widget\" data-widget_type=\"heading.default\">\n\t\t\t\t<div class=\"elementor-widget-container\">\n\t\t\t\t\t<p class=\"elementor-heading-title elementor-size-default\">T: <a href=\"tel:0038630749357\">+386 30 749 357<\/a><br>\nE: <a href=\"mailto:anabela.seruga@ce-sejem.si\">anabela.seruga@ce-sejem.si<\/a><\/p>\t\t\t\t<\/div>\n\t\t\t\t<\/div>\n\t\t\t\t\t<\/div>\n\t\t<\/div>\n\t\t\t\t\t<\/div>\n\t\t<\/section>\n\t\t\t\t<\/div>\n\t\t","protected":false},"excerpt":{"rendered":"<p>Celjski sejem d.d. Stran Project Managers \u0160PELA PERAS PODPE\u010cAN T: +386 31 667 719 E: spela.peras.podpecan@ce-sejem.si BRIGITA BAKARI\u0106 T: +386 41 649 499 E: brigita.bakaric@ce-sejem.si ANABELA \u0160ERUGA T: +386 30 749 357 E: anabela.seruga@ce-sejem.si<\/p>\n","protected":false},"author":1,"featured_media":0,"parent":11240,"menu_order":0,"comment_status":"closed","ping_status":"closed","template":"elementor_header_footer","meta":{"_acf_changed":false,"footnotes":""},"folder":[],"class_list":["post-11356","page","type-page","status-publish","hentry"],"acf":[],"_links":{"self":[{"href":"https:\/\/ce-sejem.si\/en\/wp-json\/wp\/v2\/pages\/11356","targetHints":{"allow":["GET"]}}],"collection":[{"href":"https:\/\/ce-sejem.si\/en\/wp-json\/wp\/v2\/pages"}],"about":[{"href":"https:\/\/ce-sejem.si\/en\/wp-json\/wp\/v2\/types\/page"}],"author":[{"embeddable":true,"href":"https:\/\/ce-sejem.si\/en\/wp-json\/wp\/v2\/users\/1"}],"replies":[{"embeddable":true,"href":"https:\/\/ce-sejem.si\/en\/wp-json\/wp\/v2\/comments?post=11356"}],"version-history":[{"count":23,"href":"https:\/\/ce-sejem.si\/en\/wp-json\/wp\/v2\/pages\/11356\/revisions"}],"predecessor-version":[{"id":36888,"href":"https:\/\/ce-sejem.si\/en\/wp-json\/wp\/v2\/pages\/11356\/revisions\/36888"}],"up":[{"embeddable":true,"href":"https:\/\/ce-sejem.si\/en\/wp-json\/wp\/v2\/pages\/11240"}],"wp:attachment":[{"href":"https:\/\/ce-sejem.si\/en\/wp-json\/wp\/v2\/media?parent=11356"}],"wp:term":[{"taxonomy":"folder","embeddable":true,"href":"https:\/\/ce-sejem.si\/en\/wp-json\/wp\/v2\/folder?post=11356"}],"curies":[{"name":"wp","href":"https:\/\/api.w.org\/{rel}","templated":true}]}}