{"id":11435,"date":"2023-04-12T08:39:14","date_gmt":"2023-04-12T06:39:14","guid":{"rendered":"https:\/\/sejem.eps-backup.com\/fairs\/international-industry-fair\/for-exhibitors\/vodje-projekta\/"},"modified":"2025-12-11T09:05:47","modified_gmt":"2025-12-11T08:05:47","slug":"project-managers","status":"publish","type":"page","link":"https:\/\/ce-sejem.si\/en\/fairs\/international-industry-fair\/for-exhibitors\/project-managers\/","title":{"rendered":"Project Managers"},"content":{"rendered":"\t\t<div data-elementor-type=\"wp-page\" data-elementor-id=\"11435\" class=\"elementor elementor-11435 elementor-8476\" data-elementor-settings=\"{&quot;element_pack_global_tooltip_width&quot;:{&quot;unit&quot;:&quot;px&quot;,&quot;size&quot;:&quot;&quot;,&quot;sizes&quot;:[]},&quot;element_pack_global_tooltip_width_laptop&quot;:{&quot;unit&quot;:&quot;px&quot;,&quot;size&quot;:&quot;&quot;,&quot;sizes&quot;:[]},&quot;element_pack_global_tooltip_width_tablet&quot;:{&quot;unit&quot;:&quot;px&quot;,&quot;size&quot;:&quot;&quot;,&quot;sizes&quot;:[]},&quot;element_pack_global_tooltip_width_mobile&quot;:{&quot;unit&quot;:&quot;px&quot;,&quot;size&quot;:&quot;&quot;,&quot;sizes&quot;:[]},&quot;element_pack_global_tooltip_padding&quot;:{&quot;unit&quot;:&quot;px&quot;,&quot;top&quot;:&quot;&quot;,&quot;right&quot;:&quot;&quot;,&quot;bottom&quot;:&quot;&quot;,&quot;left&quot;:&quot;&quot;,&quot;isLinked&quot;:true},&quot;element_pack_global_tooltip_padding_laptop&quot;:{&quot;unit&quot;:&quot;px&quot;,&quot;top&quot;:&quot;&quot;,&quot;right&quot;:&quot;&quot;,&quot;bottom&quot;:&quot;&quot;,&quot;left&quot;:&quot;&quot;,&quot;isLinked&quot;:true},&quot;element_pack_global_tooltip_padding_tablet&quot;:{&quot;unit&quot;:&quot;px&quot;,&quot;top&quot;:&quot;&quot;,&quot;right&quot;:&quot;&quot;,&quot;bottom&quot;:&quot;&quot;,&quot;left&quot;:&quot;&quot;,&quot;isLinked&quot;:true},&quot;element_pack_global_tooltip_padding_mobile&quot;:{&quot;unit&quot;:&quot;px&quot;,&quot;top&quot;:&quot;&quot;,&quot;right&quot;:&quot;&quot;,&quot;bottom&quot;:&quot;&quot;,&quot;left&quot;:&quot;&quot;,&quot;isLinked&quot;:true},&quot;element_pack_global_tooltip_border_radius&quot;:{&quot;unit&quot;:&quot;px&quot;,&quot;top&quot;:&quot;&quot;,&quot;right&quot;:&quot;&quot;,&quot;bottom&quot;:&quot;&quot;,&quot;left&quot;:&quot;&quot;,&quot;isLinked&quot;:true},&quot;element_pack_global_tooltip_border_radius_laptop&quot;:{&quot;unit&quot;:&quot;px&quot;,&quot;top&quot;:&quot;&quot;,&quot;right&quot;:&quot;&quot;,&quot;bottom&quot;:&quot;&quot;,&quot;left&quot;:&quot;&quot;,&quot;isLinked&quot;:true},&quot;element_pack_global_tooltip_border_radius_tablet&quot;:{&quot;unit&quot;:&quot;px&quot;,&quot;top&quot;:&quot;&quot;,&quot;right&quot;:&quot;&quot;,&quot;bottom&quot;:&quot;&quot;,&quot;left&quot;:&quot;&quot;,&quot;isLinked&quot;:true},&quot;element_pack_global_tooltip_border_radius_mobile&quot;:{&quot;unit&quot;:&quot;px&quot;,&quot;top&quot;:&quot;&quot;,&quot;right&quot;:&quot;&quot;,&quot;bottom&quot;:&quot;&quot;,&quot;left&quot;:&quot;&quot;,&quot;isLinked&quot;:true}}\" data-elementor-post-type=\"page\">\n\t\t\t\t\t\t<section class=\"elementor-section elementor-top-section elementor-element elementor-element-03d04b1 elementor-section-boxed elementor-section-height-default elementor-section-height-default\" data-id=\"03d04b1\" data-element_type=\"section\" data-settings=\"{&quot;background_background&quot;:&quot;classic&quot;,&quot;jet_parallax_layout_list&quot;:[]}\">\n\t\t\t\t\t\t<div class=\"elementor-container elementor-column-gap-default\">\n\t\t\t\t\t<div class=\"elementor-column elementor-col-100 elementor-top-column elementor-element elementor-element-3e7321a\" data-id=\"3e7321a\" data-element_type=\"column\">\n\t\t\t<div class=\"elementor-widget-wrap elementor-element-populated\">\n\t\t\t\t\t\t<div class=\"elementor-element elementor-element-8858356 elementor-widget elementor-widget-bdt-breadcrumbs\" data-id=\"8858356\" data-element_type=\"widget\" data-widget_type=\"bdt-breadcrumbs.default\">\n\t\t\t\t<div class=\"elementor-widget-container\">\n\t\t\t\t\t<div class='bdt-ep-breadcrumbs-wrapper'><ul class=\"bdt-ep-breadcrumb breadcrumb-align-left  \"><li><a href=\"https:\/\/ce-sejem.si\/en\/\">Celjski sejem d.d.<\/a><\/li>\n<li><span> Page<\/span><\/li>\n<\/ul><\/div>\t\t\t\t<\/div>\n\t\t\t\t<\/div>\n\t\t\t\t<div class=\"elementor-element elementor-element-8edaa27 elementor-widget elementor-widget-heading\" data-id=\"8edaa27\" data-element_type=\"widget\" data-widget_type=\"heading.default\">\n\t\t\t\t<div class=\"elementor-widget-container\">\n\t\t\t\t\t<h3 class=\"elementor-heading-title elementor-size-default\">Project Managers<\/h3>\t\t\t\t<\/div>\n\t\t\t\t<\/div>\n\t\t\t\t\t<\/div>\n\t\t<\/div>\n\t\t\t\t\t<\/div>\n\t\t<\/section>\n\t\t\t\t<section class=\"elementor-section elementor-top-section elementor-element elementor-element-2c956c3 elementor-section-height-min-height elementor-section-items-top elementor-section-boxed elementor-section-height-default\" data-id=\"2c956c3\" data-element_type=\"section\" data-settings=\"{&quot;background_background&quot;:&quot;classic&quot;,&quot;jet_parallax_layout_list&quot;:[]}\">\n\t\t\t\t\t\t<div class=\"elementor-container elementor-column-gap-default\">\n\t\t\t\t\t<div class=\"elementor-column elementor-col-33 elementor-top-column elementor-element elementor-element-352c63f\" data-id=\"352c63f\" data-element_type=\"column\">\n\t\t\t<div class=\"elementor-widget-wrap elementor-element-populated\">\n\t\t\t\t\t\t<div class=\"elementor-element elementor-element-7a5b2ec elementor-widget elementor-widget-image\" data-id=\"7a5b2ec\" data-element_type=\"widget\" data-widget_type=\"image.default\">\n\t\t\t\t<div class=\"elementor-widget-container\">\n\t\t\t\t\t\t\t\t\t\t\t\t\t\t\t<img fetchpriority=\"high\" decoding=\"async\" width=\"1080\" height=\"1080\" src=\"https:\/\/ce-sejem.si\/wp-content\/uploads\/2024\/09\/Spela1-2.png\" class=\"attachment-full size-full wp-image-30787\" alt=\"\" srcset=\"https:\/\/ce-sejem.si\/wp-content\/uploads\/2024\/09\/Spela1-2.png 1080w, https:\/\/ce-sejem.si\/wp-content\/uploads\/2024\/09\/Spela1-2-300x300.png 300w, https:\/\/ce-sejem.si\/wp-content\/uploads\/2024\/09\/Spela1-2-1024x1024.png 1024w, https:\/\/ce-sejem.si\/wp-content\/uploads\/2024\/09\/Spela1-2-150x150.png 150w, https:\/\/ce-sejem.si\/wp-content\/uploads\/2024\/09\/Spela1-2-768x768.png 768w, https:\/\/ce-sejem.si\/wp-content\/uploads\/2024\/09\/Spela1-2-500x500.png 500w, https:\/\/ce-sejem.si\/wp-content\/uploads\/2024\/09\/Spela1-2-700x700.png 700w\" sizes=\"(max-width: 1080px) 100vw, 1080px\" \/>\t\t\t\t\t\t\t\t\t\t\t\t\t\t\t<\/div>\n\t\t\t\t<\/div>\n\t\t\t\t<div class=\"elementor-element elementor-element-a84f3bc elementor-widget-divider--view-line elementor-widget elementor-widget-divider\" data-id=\"a84f3bc\" data-element_type=\"widget\" data-widget_type=\"divider.default\">\n\t\t\t\t<div class=\"elementor-widget-container\">\n\t\t\t\t\t\t\t<div class=\"elementor-divider\">\n\t\t\t<span class=\"elementor-divider-separator\">\n\t\t\t\t\t\t<\/span>\n\t\t<\/div>\n\t\t\t\t\t\t<\/div>\n\t\t\t\t<\/div>\n\t\t\t\t<div class=\"elementor-element elementor-element-0945edb elementor-widget elementor-widget-heading\" data-id=\"0945edb\" data-element_type=\"widget\" data-widget_type=\"heading.default\">\n\t\t\t\t<div class=\"elementor-widget-container\">\n\t\t\t\t\t<p class=\"elementor-heading-title elementor-size-default\">\u0160PELA PERAS PODPE\u010cAN<\/p>\t\t\t\t<\/div>\n\t\t\t\t<\/div>\n\t\t\t\t<div class=\"elementor-element elementor-element-9ef7447 elementor-widget elementor-widget-heading\" data-id=\"9ef7447\" data-element_type=\"widget\" data-widget_type=\"heading.default\">\n\t\t\t\t<div class=\"elementor-widget-container\">\n\t\t\t\t\t<p class=\"elementor-heading-title elementor-size-default\">T: <a href=\"tel:0038631667719\">+386 31 667 719<\/a><br>\nE: <a href=\"mailto:spela.peras.podpecan@ce-sejem.si\">spela.peras.podpecan@ce-sejem.si<\/a><\/p>\t\t\t\t<\/div>\n\t\t\t\t<\/div>\n\t\t\t\t\t<\/div>\n\t\t<\/div>\n\t\t\t\t<div class=\"elementor-column elementor-col-33 elementor-top-column elementor-element elementor-element-b68ad44\" data-id=\"b68ad44\" data-element_type=\"column\">\n\t\t\t<div class=\"elementor-widget-wrap elementor-element-populated\">\n\t\t\t\t\t\t<div class=\"elementor-element elementor-element-cceac54 elementor-widget elementor-widget-image\" data-id=\"cceac54\" data-element_type=\"widget\" data-widget_type=\"image.default\">\n\t\t\t\t<div class=\"elementor-widget-container\">\n\t\t\t\t\t\t\t\t\t\t\t\t\t\t\t<img decoding=\"async\" width=\"1080\" height=\"1080\" src=\"https:\/\/ce-sejem.si\/wp-content\/uploads\/2025\/11\/Brigita-kvadrat.png\" class=\"attachment-full size-full wp-image-35866\" alt=\"\" srcset=\"https:\/\/ce-sejem.si\/wp-content\/uploads\/2025\/11\/Brigita-kvadrat.png 1080w, https:\/\/ce-sejem.si\/wp-content\/uploads\/2025\/11\/Brigita-kvadrat-300x300.png 300w, https:\/\/ce-sejem.si\/wp-content\/uploads\/2025\/11\/Brigita-kvadrat-1024x1024.png 1024w, https:\/\/ce-sejem.si\/wp-content\/uploads\/2025\/11\/Brigita-kvadrat-150x150.png 150w, https:\/\/ce-sejem.si\/wp-content\/uploads\/2025\/11\/Brigita-kvadrat-768x768.png 768w, https:\/\/ce-sejem.si\/wp-content\/uploads\/2025\/11\/Brigita-kvadrat-500x500.png 500w\" sizes=\"(max-width: 1080px) 100vw, 1080px\" \/>\t\t\t\t\t\t\t\t\t\t\t\t\t\t\t<\/div>\n\t\t\t\t<\/div>\n\t\t\t\t<div class=\"elementor-element elementor-element-4d049c4 elementor-widget-divider--view-line elementor-widget elementor-widget-divider\" data-id=\"4d049c4\" data-element_type=\"widget\" data-widget_type=\"divider.default\">\n\t\t\t\t<div class=\"elementor-widget-container\">\n\t\t\t\t\t\t\t<div class=\"elementor-divider\">\n\t\t\t<span class=\"elementor-divider-separator\">\n\t\t\t\t\t\t<\/span>\n\t\t<\/div>\n\t\t\t\t\t\t<\/div>\n\t\t\t\t<\/div>\n\t\t\t\t<div class=\"elementor-element elementor-element-e7844b5 elementor-widget elementor-widget-heading\" data-id=\"e7844b5\" data-element_type=\"widget\" data-widget_type=\"heading.default\">\n\t\t\t\t<div class=\"elementor-widget-container\">\n\t\t\t\t\t<p class=\"elementor-heading-title elementor-size-default\"><span style=\"letter-spacing: 1.4px\">BRIGITA BAKARI\u0106<\/span><\/p>\t\t\t\t<\/div>\n\t\t\t\t<\/div>\n\t\t\t\t<div class=\"elementor-element elementor-element-00d6d0a elementor-widget elementor-widget-heading\" data-id=\"00d6d0a\" data-element_type=\"widget\" data-widget_type=\"heading.default\">\n\t\t\t\t<div class=\"elementor-widget-container\">\n\t\t\t\t\t<p class=\"elementor-heading-title elementor-size-default\">T: <a href=\"tel:0038641649499\">+386 41 649 499<\/a><br>\nE: <a href=\"mailto:brigita.bakaric@ce-sejem.si\">brigita.bakaric@ce-sejem.si<\/a><\/p>\t\t\t\t<\/div>\n\t\t\t\t<\/div>\n\t\t\t\t\t<\/div>\n\t\t<\/div>\n\t\t\t\t<div class=\"elementor-column elementor-col-33 elementor-top-column elementor-element elementor-element-cade154\" data-id=\"cade154\" data-element_type=\"column\">\n\t\t\t<div class=\"elementor-widget-wrap elementor-element-populated\">\n\t\t\t\t\t\t<div class=\"elementor-element elementor-element-b57cfa9 elementor-widget elementor-widget-image\" data-id=\"b57cfa9\" data-element_type=\"widget\" data-widget_type=\"image.default\">\n\t\t\t\t<div class=\"elementor-widget-container\">\n\t\t\t\t\t\t\t\t\t\t\t\t\t\t\t<img decoding=\"async\" width=\"1080\" height=\"1080\" src=\"https:\/\/ce-sejem.si\/wp-content\/uploads\/2025\/11\/Anabela-kvadrat.png\" class=\"attachment-full size-full wp-image-35868\" alt=\"\" srcset=\"https:\/\/ce-sejem.si\/wp-content\/uploads\/2025\/11\/Anabela-kvadrat.png 1080w, https:\/\/ce-sejem.si\/wp-content\/uploads\/2025\/11\/Anabela-kvadrat-300x300.png 300w, https:\/\/ce-sejem.si\/wp-content\/uploads\/2025\/11\/Anabela-kvadrat-1024x1024.png 1024w, https:\/\/ce-sejem.si\/wp-content\/uploads\/2025\/11\/Anabela-kvadrat-150x150.png 150w, https:\/\/ce-sejem.si\/wp-content\/uploads\/2025\/11\/Anabela-kvadrat-768x768.png 768w, https:\/\/ce-sejem.si\/wp-content\/uploads\/2025\/11\/Anabela-kvadrat-500x500.png 500w\" sizes=\"(max-width: 1080px) 100vw, 1080px\" \/>\t\t\t\t\t\t\t\t\t\t\t\t\t\t\t<\/div>\n\t\t\t\t<\/div>\n\t\t\t\t<div class=\"elementor-element elementor-element-d4640c6 elementor-widget-divider--view-line elementor-widget elementor-widget-divider\" data-id=\"d4640c6\" data-element_type=\"widget\" data-widget_type=\"divider.default\">\n\t\t\t\t<div class=\"elementor-widget-container\">\n\t\t\t\t\t\t\t<div class=\"elementor-divider\">\n\t\t\t<span class=\"elementor-divider-separator\">\n\t\t\t\t\t\t<\/span>\n\t\t<\/div>\n\t\t\t\t\t\t<\/div>\n\t\t\t\t<\/div>\n\t\t\t\t<div class=\"elementor-element elementor-element-3d9ae12 elementor-widget elementor-widget-heading\" data-id=\"3d9ae12\" data-element_type=\"widget\" data-widget_type=\"heading.default\">\n\t\t\t\t<div class=\"elementor-widget-container\">\n\t\t\t\t\t<p class=\"elementor-heading-title elementor-size-default\"><span style=\"letter-spacing: 1.4px\">ANABELA \u0160ERUGA<\/span><\/p>\t\t\t\t<\/div>\n\t\t\t\t<\/div>\n\t\t\t\t<div class=\"elementor-element elementor-element-c7b2505 elementor-widget elementor-widget-heading\" data-id=\"c7b2505\" data-element_type=\"widget\" data-widget_type=\"heading.default\">\n\t\t\t\t<div class=\"elementor-widget-container\">\n\t\t\t\t\t<p class=\"elementor-heading-title elementor-size-default\">T: <a href=\"tel:0038630749357\">+386 30 749 357<\/a><br>\nE: <a href=\"mailto:anabela.seruga@ce-sejem.si\">anabela.seruga@ce-sejem.si<\/a><\/p>\t\t\t\t<\/div>\n\t\t\t\t<\/div>\n\t\t\t\t\t<\/div>\n\t\t<\/div>\n\t\t\t\t\t<\/div>\n\t\t<\/section>\n\t\t\t\t<\/div>\n\t\t","protected":false},"excerpt":{"rendered":"<p>Celjski sejem d.d. Stran Project Managers \u0160PELA PERAS PODPE\u010cAN T: +386 31 667 719 E: spela.peras.podpecan@ce-sejem.si BRIGITA BAKARI\u0106 T: +386 41 649 499 E: brigita.bakaric@ce-sejem.si ANABELA \u0160ERUGA T: +386 30 749 357 E: anabela.seruga@ce-sejem.si<\/p>\n","protected":false},"author":1,"featured_media":0,"parent":11262,"menu_order":0,"comment_status":"closed","ping_status":"closed","template":"elementor_header_footer","meta":{"_acf_changed":false,"footnotes":""},"folder":[],"class_list":["post-11435","page","type-page","status-publish","hentry"],"acf":[],"_links":{"self":[{"href":"https:\/\/ce-sejem.si\/en\/wp-json\/wp\/v2\/pages\/11435","targetHints":{"allow":["GET"]}}],"collection":[{"href":"https:\/\/ce-sejem.si\/en\/wp-json\/wp\/v2\/pages"}],"about":[{"href":"https:\/\/ce-sejem.si\/en\/wp-json\/wp\/v2\/types\/page"}],"author":[{"embeddable":true,"href":"https:\/\/ce-sejem.si\/en\/wp-json\/wp\/v2\/users\/1"}],"replies":[{"embeddable":true,"href":"https:\/\/ce-sejem.si\/en\/wp-json\/wp\/v2\/comments?post=11435"}],"version-history":[{"count":23,"href":"https:\/\/ce-sejem.si\/en\/wp-json\/wp\/v2\/pages\/11435\/revisions"}],"predecessor-version":[{"id":36885,"href":"https:\/\/ce-sejem.si\/en\/wp-json\/wp\/v2\/pages\/11435\/revisions\/36885"}],"up":[{"embeddable":true,"href":"https:\/\/ce-sejem.si\/en\/wp-json\/wp\/v2\/pages\/11262"}],"wp:attachment":[{"href":"https:\/\/ce-sejem.si\/en\/wp-json\/wp\/v2\/media?parent=11435"}],"wp:term":[{"taxonomy":"folder","embeddable":true,"href":"https:\/\/ce-sejem.si\/en\/wp-json\/wp\/v2\/folder?post=11435"}],"curies":[{"name":"wp","href":"https:\/\/api.w.org\/{rel}","templated":true}]}}